{"id":433,"date":"2025-09-02T14:46:05","date_gmt":"2025-09-02T12:46:05","guid":{"rendered":"https:\/\/collex.group\/?page_id=433"},"modified":"2025-09-02T14:47:10","modified_gmt":"2025-09-02T12:47:10","slug":"collex-mobility","status":"publish","type":"page","link":"https:\/\/collex.group\/en\/collex-mobility\/","title":{"rendered":"CoLLeX Mobility"},"content":{"rendered":"<div data-elementor-type=\"wp-page\" data-elementor-id=\"433\" class=\"elementor elementor-433\" data-elementor-post-type=\"page\">\n\t\t\t\t<div class=\"elementor-element elementor-element-7dd2faf e-flex e-con-boxed e-con e-parent\" data-id=\"7dd2faf\" data-element_type=\"container\" data-e-type=\"container\">\n\t\t\t\t\t<div class=\"e-con-inner\">\n\t\t<div class=\"elementor-element elementor-element-541eed2 e-con-full e-flex e-con e-child\" data-id=\"541eed2\" data-element_type=\"container\" data-e-type=\"container\">\n\t\t\t\t<div class=\"elementor-element elementor-element-74d35261 elementor-widget elementor-widget-heading\" data-id=\"74d35261\" data-element_type=\"widget\" data-e-type=\"widget\" data-widget_type=\"heading.default\">\n\t\t\t\t\t<h1 class=\"elementor-heading-title elementor-size-default\">CoLLeX Mobility<\/h1>\t\t\t\t<\/div>\n\t\t\t\t<div class=\"elementor-element elementor-element-a9cb052 elementor-widget elementor-widget-text-editor\" data-id=\"a9cb052\" data-element_type=\"widget\" data-e-type=\"widget\" data-widget_type=\"text-editor.default\">\n\t\t\t\t\t\t\t\t\t<p data-start=\"0\" data-end=\"365\">CoLLeX supports car hire companies in enforcing their claims fairly and reliably. With extensive industry experience and the right instinct, we act professionally without unnecessarily straining the relationship with customers or partners.<\/p><p data-start=\"367\" data-end=\"576\" data-is-last-node=\"\" data-is-only-node=\"\">At the same time, we act consistently and assertively when it counts. This allows you to concentrate on the essentials - keeping your customers mobile.<\/p>\t\t\t\t\t\t\t\t<\/div>\n\t\t\t\t<div class=\"elementor-element elementor-element-12d3780 elementor-invisible elementor-widget elementor-widget-button\" data-id=\"12d3780\" data-element_type=\"widget\" data-e-type=\"widget\" data-settings=\"{&quot;_animation&quot;:&quot;fadeInRight&quot;}\" data-widget_type=\"button.default\">\n\t\t\t\t\t\t\t\t\t\t<a class=\"elementor-button elementor-button-link elementor-size-lg\" href=\"https:\/\/collex.group\/en\/kontakt\/\">\n\t\t\t\t\t\t<span class=\"elementor-button-content-wrapper\">\n\t\t\t\t\t\t\t\t\t<span class=\"elementor-button-text\">Get in touch now<\/span>\n\t\t\t\t\t<\/span>\n\t\t\t\t\t<\/a>\n\t\t\t\t\t\t\t\t<\/div>\n\t\t<div class=\"elementor-element elementor-element-9696f16 e-con-full e-flex e-con e-child\" data-id=\"9696f16\" data-element_type=\"container\" data-e-type=\"container\">\n\t\t\t\t<div class=\"elementor-element elementor-element-3ce6f2c elementor-widget elementor-widget-image\" data-id=\"3ce6f2c\" data-element_type=\"widget\" data-e-type=\"widget\" data-widget_type=\"image.default\">\n\t\t\t\t\t\t\t\t\t\t\t\t\t\t\t<img decoding=\"async\" width=\"250\" height=\"125\" src=\"https:\/\/collex.group\/wp-content\/uploads\/2025\/08\/59341.jpg\" class=\"attachment-large size-large wp-image-212\" alt=\"\" srcset=\"https:\/\/collex.group\/wp-content\/uploads\/2025\/08\/59341.jpg 250w, https:\/\/collex.group\/wp-content\/uploads\/2025\/08\/59341-18x9.jpg 18w\" sizes=\"(max-width: 250px) 100vw, 250px\" \/>\t\t\t\t\t\t\t\t\t\t\t\t\t\t\t<\/div>\n\t\t\t\t<div class=\"elementor-element elementor-element-d121d63 elementor-widget elementor-widget-image\" data-id=\"d121d63\" data-element_type=\"widget\" data-e-type=\"widget\" data-widget_type=\"image.default\">\n\t\t\t\t\t\t\t\t\t\t\t\t\t\t\t<img fetchpriority=\"high\" decoding=\"async\" width=\"800\" height=\"800\" src=\"https:\/\/collex.group\/wp-content\/uploads\/2025\/08\/made_and_hosted_in_germany.svg\" class=\"attachment-large size-large wp-image-216\" alt=\"\" \/>\t\t\t\t\t\t\t\t\t\t\t\t\t\t\t<\/div>\n\t\t\t\t<div class=\"elementor-element elementor-element-3df5cb1 elementor-widget elementor-widget-image\" data-id=\"3df5cb1\" data-element_type=\"widget\" data-e-type=\"widget\" data-widget_type=\"image.default\">\n\t\t\t\t\t\t\t\t\t\t\t\t\t\t\t<img decoding=\"async\" width=\"800\" height=\"800\" src=\"https:\/\/collex.group\/wp-content\/uploads\/2025\/08\/ssl_secured.svg\" class=\"attachment-large size-large wp-image-218\" alt=\"\" \/>\t\t\t\t\t\t\t\t\t\t\t\t\t\t\t<\/div>\n\t\t\t\t<\/div>\n\t\t\t\t<\/div>\n\t\t<div class=\"elementor-element elementor-element-4a50427b e-con-full e-flex e-con e-child\" data-id=\"4a50427b\" data-element_type=\"container\" data-e-type=\"container\" data-settings=\"{&quot;background_background&quot;:&quot;classic&quot;}\">\n\t\t\t\t<\/div>\n\t\t\t\t\t<\/div>\n\t\t\t\t<\/div>\n\t\t\t\t<\/div>","protected":false},"excerpt":{"rendered":"<p>CoLLeX Mobility CoLLeX unterst\u00fctzt Mietwagen-Unternehmen dabei, ihre Anspr\u00fcche fair und zuverl\u00e4ssig durchzusetzen. Mit umfassender Branchenerfahrung und dem richtigen Fingerspitzengef\u00fchl treten wir professionell auf, ohne das Verh\u00e4ltnis zu Kunden oder Partnern unn\u00f6tig zu belasten. Gleichzeitig agieren wir konsequent und durchsetzungsstark, wenn es darauf ankommt. So k\u00f6nnen Sie sich auf das Wesentliche konzentrieren \u2013 Ihre Kunden mobil [&hellip;]<\/p>\n","protected":false},"author":1,"featured_media":0,"parent":0,"menu_order":0,"comment_status":"closed","ping_status":"closed","template":"elementor_header_footer","meta":{"inline_featured_image":false,"footnotes":""},"class_list":["post-433","page","type-page","status-publish","hentry"],"_links":{"self":[{"href":"https:\/\/collex.group\/en\/wp-json\/wp\/v2\/pages\/433","targetHints":{"allow":["GET"]}}],"collection":[{"href":"https:\/\/collex.group\/en\/wp-json\/wp\/v2\/pages"}],"about":[{"href":"https:\/\/collex.group\/en\/wp-json\/wp\/v2\/types\/page"}],"author":[{"embeddable":true,"href":"https:\/\/collex.group\/en\/wp-json\/wp\/v2\/users\/1"}],"replies":[{"embeddable":true,"href":"https:\/\/collex.group\/en\/wp-json\/wp\/v2\/comments?post=433"}],"version-history":[{"count":7,"href":"https:\/\/collex.group\/en\/wp-json\/wp\/v2\/pages\/433\/revisions"}],"predecessor-version":[{"id":443,"href":"https:\/\/collex.group\/en\/wp-json\/wp\/v2\/pages\/433\/revisions\/443"}],"wp:attachment":[{"href":"https:\/\/collex.group\/en\/wp-json\/wp\/v2\/media?parent=433"}],"curies":[{"name":"wp","href":"https:\/\/api.w.org\/{rel}","templated":true}]}}