{"id":425,"date":"2025-09-02T14:43:36","date_gmt":"2025-09-02T12:43:36","guid":{"rendered":"https:\/\/collex.group\/?page_id=425"},"modified":"2025-09-02T14:47:34","modified_gmt":"2025-09-02T12:47:34","slug":"collex-care","status":"publish","type":"page","link":"https:\/\/collex.group\/pl\/collex-care\/","title":{"rendered":"CoLLeX Care"},"content":{"rendered":"<div data-elementor-type=\"wp-page\" data-elementor-id=\"425\" class=\"elementor elementor-425\" data-elementor-post-type=\"page\">\n\t\t\t\t<div class=\"elementor-element elementor-element-7dd2faf e-flex e-con-boxed e-con e-parent\" data-id=\"7dd2faf\" data-element_type=\"container\" data-e-type=\"container\">\n\t\t\t\t\t<div class=\"e-con-inner\">\n\t\t<div class=\"elementor-element elementor-element-541eed2 e-con-full e-flex e-con e-child\" data-id=\"541eed2\" data-element_type=\"container\" data-e-type=\"container\">\n\t\t\t\t<div class=\"elementor-element elementor-element-74d35261 elementor-widget elementor-widget-heading\" data-id=\"74d35261\" data-element_type=\"widget\" data-e-type=\"widget\" data-widget_type=\"heading.default\">\n\t\t\t\t\t<h1 class=\"elementor-heading-title elementor-size-default\">CoLLeX Care<\/h1>\t\t\t\t<\/div>\n\t\t\t\t<div class=\"elementor-element elementor-element-a9cb052 elementor-widget elementor-widget-text-editor\" data-id=\"a9cb052\" data-element_type=\"widget\" data-e-type=\"widget\" data-widget_type=\"text-editor.default\">\n\t\t\t\t\t\t\t\t\t<p>Piel\u0119gniarstwo to trudna praca - wi\u0119c zaleg\u0142e roszczenia nie powinny kosztowa\u0107 dodatkowej energii. Wspieramy firmy opieku\u0144cze w uczciwym i rzetelnym egzekwowaniu nale\u017cno\u015bci. Dzi\u0119ki do\u015bwiadczeniu, wra\u017cliwo\u015bci i delikatnemu podej\u015bciu do d\u0142u\u017cnik\u00f3w zapewniamy profesjonalne rozwi\u0105zywanie zaleg\u0142ych spraw.<\/p><p>Jednocze\u015bnie jeste\u015bmy asertywni, gdy ma to znaczenie. Dzi\u0119ki temu mo\u017cesz w pe\u0142ni skoncentrowa\u0107 si\u0119 na swojej wa\u017cnej pracy - my zajmiemy si\u0119 reszt\u0105.<\/p>\t\t\t\t\t\t\t\t<\/div>\n\t\t\t\t<div class=\"elementor-element elementor-element-12d3780 elementor-invisible elementor-widget elementor-widget-button\" data-id=\"12d3780\" data-element_type=\"widget\" data-e-type=\"widget\" data-settings=\"{&quot;_animation&quot;:&quot;fadeInRight&quot;}\" data-widget_type=\"button.default\">\n\t\t\t\t\t\t\t\t\t\t<a class=\"elementor-button elementor-button-link elementor-size-lg\" href=\"https:\/\/collex.group\/pl\/kontakt\/\">\n\t\t\t\t\t\t<span class=\"elementor-button-content-wrapper\">\n\t\t\t\t\t\t\t\t\t<span class=\"elementor-button-text\">Skontaktuj si\u0119 teraz<\/span>\n\t\t\t\t\t<\/span>\n\t\t\t\t\t<\/a>\n\t\t\t\t\t\t\t\t<\/div>\n\t\t<div class=\"elementor-element elementor-element-9696f16 e-con-full e-flex e-con e-child\" data-id=\"9696f16\" data-element_type=\"container\" data-e-type=\"container\">\n\t\t\t\t<div class=\"elementor-element elementor-element-3ce6f2c elementor-widget elementor-widget-image\" data-id=\"3ce6f2c\" data-element_type=\"widget\" data-e-type=\"widget\" data-widget_type=\"image.default\">\n\t\t\t\t\t\t\t\t\t\t\t\t\t\t\t<img decoding=\"async\" width=\"250\" height=\"125\" src=\"https:\/\/collex.group\/wp-content\/uploads\/2025\/08\/59341.jpg\" class=\"attachment-large size-large wp-image-212\" alt=\"\" srcset=\"https:\/\/collex.group\/wp-content\/uploads\/2025\/08\/59341.jpg 250w, https:\/\/collex.group\/wp-content\/uploads\/2025\/08\/59341-18x9.jpg 18w\" sizes=\"(max-width: 250px) 100vw, 250px\" \/>\t\t\t\t\t\t\t\t\t\t\t\t\t\t\t<\/div>\n\t\t\t\t<div class=\"elementor-element elementor-element-d121d63 elementor-widget elementor-widget-image\" data-id=\"d121d63\" data-element_type=\"widget\" data-e-type=\"widget\" data-widget_type=\"image.default\">\n\t\t\t\t\t\t\t\t\t\t\t\t\t\t\t<img fetchpriority=\"high\" decoding=\"async\" width=\"800\" height=\"800\" src=\"https:\/\/collex.group\/wp-content\/uploads\/2025\/08\/made_and_hosted_in_germany.svg\" class=\"attachment-large size-large wp-image-216\" alt=\"\" \/>\t\t\t\t\t\t\t\t\t\t\t\t\t\t\t<\/div>\n\t\t\t\t<div class=\"elementor-element elementor-element-3df5cb1 elementor-widget elementor-widget-image\" data-id=\"3df5cb1\" data-element_type=\"widget\" data-e-type=\"widget\" data-widget_type=\"image.default\">\n\t\t\t\t\t\t\t\t\t\t\t\t\t\t\t<img decoding=\"async\" width=\"800\" height=\"800\" src=\"https:\/\/collex.group\/wp-content\/uploads\/2025\/08\/ssl_secured.svg\" class=\"attachment-large size-large wp-image-218\" alt=\"\" \/>\t\t\t\t\t\t\t\t\t\t\t\t\t\t\t<\/div>\n\t\t\t\t<\/div>\n\t\t\t\t<\/div>\n\t\t<div class=\"elementor-element elementor-element-4a50427b e-con-full e-flex e-con e-child\" data-id=\"4a50427b\" data-element_type=\"container\" data-e-type=\"container\" data-settings=\"{&quot;background_background&quot;:&quot;classic&quot;}\">\n\t\t\t\t<\/div>\n\t\t\t\t\t<\/div>\n\t\t\t\t<\/div>\n\t\t\t\t<\/div>","protected":false},"excerpt":{"rendered":"<p>CoLLeX Care Pflege ist ein harter Job \u2013 da sollten offene Forderungen nicht zus\u00e4tzlich Kraft kosten. Wir unterst\u00fctzen Pflege-Unternehmen dabei, Anspr\u00fcche fair und zuverl\u00e4ssig durchzusetzen. Mit Erfahrung, Fingerspitzengef\u00fchl und einem sensiblen Umgang gegen\u00fcber Schuldnern sorgen wir daf\u00fcr, dass offene Posten professionell gekl\u00e4rt werden. Gleichzeitig sind wir durchsetzungsstark, wenn es darauf ankommt. So k\u00f6nnen Sie sich [&hellip;]<\/p>\n","protected":false},"author":1,"featured_media":0,"parent":0,"menu_order":0,"comment_status":"closed","ping_status":"closed","template":"elementor_header_footer","meta":{"inline_featured_image":false,"footnotes":""},"class_list":["post-425","page","type-page","status-publish","hentry"],"_links":{"self":[{"href":"https:\/\/collex.group\/pl\/wp-json\/wp\/v2\/pages\/425","targetHints":{"allow":["GET"]}}],"collection":[{"href":"https:\/\/collex.group\/pl\/wp-json\/wp\/v2\/pages"}],"about":[{"href":"https:\/\/collex.group\/pl\/wp-json\/wp\/v2\/types\/page"}],"author":[{"embeddable":true,"href":"https:\/\/collex.group\/pl\/wp-json\/wp\/v2\/users\/1"}],"replies":[{"embeddable":true,"href":"https:\/\/collex.group\/pl\/wp-json\/wp\/v2\/comments?post=425"}],"version-history":[{"count":10,"href":"https:\/\/collex.group\/pl\/wp-json\/wp\/v2\/pages\/425\/revisions"}],"predecessor-version":[{"id":449,"href":"https:\/\/collex.group\/pl\/wp-json\/wp\/v2\/pages\/425\/revisions\/449"}],"wp:attachment":[{"href":"https:\/\/collex.group\/pl\/wp-json\/wp\/v2\/media?parent=425"}],"curies":[{"name":"wp","href":"https:\/\/api.w.org\/{rel}","templated":true}]}}