{"id":86,"date":"2025-08-22T10:40:54","date_gmt":"2025-08-22T08:40:54","guid":{"rendered":"https:\/\/collex.care\/?page_id=86"},"modified":"2025-08-22T13:15:14","modified_gmt":"2025-08-22T11:15:14","slug":"impressum","status":"publish","type":"page","link":"https:\/\/collex.group\/pl\/impressum\/","title":{"rendered":"Nadruk"},"content":{"rendered":"<div data-elementor-type=\"wp-page\" data-elementor-id=\"86\" class=\"elementor elementor-86\" data-elementor-post-type=\"page\">\n\t\t\t\t<div class=\"elementor-element elementor-element-6629459 e-flex e-con-boxed e-con e-parent\" data-id=\"6629459\" data-element_type=\"container\" data-e-type=\"container\">\n\t\t\t\t\t<div class=\"e-con-inner\">\n\t\t<div class=\"elementor-element elementor-element-c410120 e-con-full e-flex e-con e-child\" data-id=\"c410120\" data-element_type=\"container\" data-e-type=\"container\">\n\t\t\t\t<div class=\"elementor-element elementor-element-290ac71 elementor-widget elementor-widget-heading\" data-id=\"290ac71\" data-element_type=\"widget\" data-e-type=\"widget\" data-widget_type=\"heading.default\">\n\t\t\t\t\t<h2 class=\"elementor-heading-title elementor-size-default\">Nadruk<\/h2>\t\t\t\t<\/div>\n\t\t\t\t<div class=\"elementor-element elementor-element-f892a54 elementor-widget elementor-widget-text-editor\" data-id=\"f892a54\" data-element_type=\"widget\" data-e-type=\"widget\" data-widget_type=\"text-editor.default\">\n\t\t\t\t\t\t\t\t\t<p>Us\u0142ugodawca w rozumieniu \u00a7 5 DDG:<\/p><p>CoLLeX UG<br \/>Przyk\u0142adowa ulica 1<br \/>01234 Berlin<\/p><p>E-mail: post@collex.group<\/p><p>Tel.: 0800 - followsJ<\/p><p>CoLLeX Rechtsdienstleistungsgesellschaft mbH<\/p><p>Zarejestrowana w rejestrze handlowym s\u0105du rejonowego Berlin Charlottenburg<\/p><p>HRB pod\u0105\u017ca za<\/p><p>Siedziba sp\u00f3\u0142ki: Berlin<\/p><p>Dyrektor zarz\u0105dzaj\u0105cy: Paul Staroste<\/p><p>NIP: DEfolgt<\/p><p>Numer podatkowy jest nast\u0119puj\u0105cy<\/p><p>Zarejestrowany w rejestrze us\u0142ug prawnych (sekcja 10 (1) nr 1 RDG)<br \/>Organ rejestruj\u0105cy: Amtsgericht Berlin, folgt-Stra\u00dfe 64, 04275 BerlinNr akt: E 3712\/4-1529\/dalej<br \/>Organ nadzorczy: S\u0105d Rejonowy w Berlinie, Folgt-Stra\u00dfe 64, 04275 Berlin<\/p><p><b>Ubezpieczenie od odpowiedzialno\u015bci zawodowej:<br \/><\/b>Suma ubezpieczenia: 2 500 000 EUR<br \/>HDI Versicherung AG, HDI-Platz, 130659 Hanower<\/p><p><b>Przepisy zawodowe:<br \/><\/b>Ustawa o us\u0142ugach prawnych (RDG),<br \/>Rozporz\u0105dzenie w sprawie us\u0142ug prawnych (RDV), <br \/>Ustawa o praniu pieni\u0119dzy (GwG)<\/p><p>Odpowiedzialny zgodnie z \u00a7 18 Abs. 2 MStV:<br \/>Paul Staroste, pod\u0105\u017ca za, pod\u0105\u017ca za<\/p><p><strong>Alternatywne metody rozwi\u0105zywania spor\u00f3w:<\/strong><\/p><p>Komisja Europejska zapewnia platform\u0119 do pozas\u0105dowego rozstrzygania spor\u00f3w online (platforma ODR), kt\u00f3ra jest dost\u0119pna pod adresem <a class=\"c-link\" href=\"http:\/\/ec.europa.eu\/odr\" target=\"_blank\" rel=\"noopener noreferrer\" data-stringify-link=\"http:\/\/ec.europa.eu\/odr\" data-sk=\"tooltip_parent\">http:\/\/ec.europa.eu\/odr<\/a>. Nie uczestniczymy w post\u0119powaniach rozstrzygaj\u0105cych spory przed konsumenckim organem arbitra\u017cowym i nie jeste\u015bmy do tego zobowi\u0105zani.<\/p><p><strong>Zastrze\u017cenie: <\/strong><br \/>Wy\u0142\u0105cznym celem niniejszej strony internetowej jest prezentacja naszych us\u0142ug. Nie stanowi ona porady prawnej i nie mo\u017ce jej zast\u0105pi\u0107. B\u0119d\u0105 one udzielane wy\u0142\u0105cznie przez naszych certyfikowanych prawnik\u00f3w partnerskich na zasadzie indywidualnej po z\u0142o\u017ceniu zam\u00f3wienia.<\/p>\t\t\t\t\t\t\t\t<\/div>\n\t\t\t\t<\/div>\n\t\t\t\t\t<\/div>\n\t\t\t\t<\/div>\n\t\t\t\t<\/div>","protected":false},"excerpt":{"rendered":"<p>Impressum Diensteanbieter im Sinne des \u00a7 5 DDG: CoLLeX UGMusterstra\u00dfe 101234 Berlin E-Mail: post@collex.group Tel.: 0800 \u2013 folgtJ CoLLeX Rechtsdienstleistungsgesellschaft mbH Eingetragen im Handelsregister Amtsgericht Berlin Charlottenburg HRB folgt Sitz der Gesellschaft: Berlin Gesch\u00e4ftsf\u00fchrer: Paul Staroste Ust-IdNr.: DEfolgt Steuernummer folgt Eingetragen im Rechtsdienstleistungsregister (\u00a7 10 Abs. 1 Nr. 1 RDG)Registrierungsbeh\u00f6rde: Amtsgericht Berlin, folgt-Stra\u00dfe 64, 04275 [&hellip;]<\/p>\n","protected":false},"author":1,"featured_media":0,"parent":0,"menu_order":0,"comment_status":"closed","ping_status":"closed","template":"","meta":{"inline_featured_image":false,"footnotes":""},"class_list":["post-86","page","type-page","status-publish","hentry"],"_links":{"self":[{"href":"https:\/\/collex.group\/pl\/wp-json\/wp\/v2\/pages\/86","targetHints":{"allow":["GET"]}}],"collection":[{"href":"https:\/\/collex.group\/pl\/wp-json\/wp\/v2\/pages"}],"about":[{"href":"https:\/\/collex.group\/pl\/wp-json\/wp\/v2\/types\/page"}],"author":[{"embeddable":true,"href":"https:\/\/collex.group\/pl\/wp-json\/wp\/v2\/users\/1"}],"replies":[{"embeddable":true,"href":"https:\/\/collex.group\/pl\/wp-json\/wp\/v2\/comments?post=86"}],"version-history":[{"count":7,"href":"https:\/\/collex.group\/pl\/wp-json\/wp\/v2\/pages\/86\/revisions"}],"predecessor-version":[{"id":166,"href":"https:\/\/collex.group\/pl\/wp-json\/wp\/v2\/pages\/86\/revisions\/166"}],"wp:attachment":[{"href":"https:\/\/collex.group\/pl\/wp-json\/wp\/v2\/media?parent=86"}],"curies":[{"name":"wp","href":"https:\/\/api.w.org\/{rel}","templated":true}]}}